{"id":1155,"date":"2017-08-15T13:27:58","date_gmt":"2017-08-15T13:27:58","guid":{"rendered":"http:\/\/www.vatado.org\/?page_id=1155"},"modified":"2017-08-15T13:27:58","modified_gmt":"2017-08-15T13:27:58","slug":"harjoittelun-etiketti","status":"publish","type":"page","link":"https:\/\/www.vatado.org\/?page_id=1155","title":{"rendered":"Harjoittelun etiketti"},"content":{"rendered":"<div class=\"page-restrict-output\"><h6 style=\"text-align: center;\">Vatadolla on nollatoleranssi kiusaamisen ja syrjnn\u00e4n suhteen. Meill\u00e4 jokainen voi harjoitella omien taitojen ja kykyjens\u00e4 mukaan ja teemanamme onkin, ett\u00e4 harjoittelun pit\u00e4\u00e4 olla hauskaa.<\/h6>\n<h6 style=\"text-align: center;\">Jotta harjoittelu voi olla hauskaa, olemme laatineet yhteiset pelis\u00e4\u00e4nn\u00f6t, eli niin sanotun etiketin, mit\u00e4 jokaisen tulisi harjoituksissa noudattaa.<\/h6>\n<p>&nbsp;<\/p>\n<p style=\"text-align: center;\"><a href=\"http:\/\/www.vatado.org\/wp-content\/uploads\/2017\/08\/vatado-etiketti.jpg\"><img loading=\"lazy\" decoding=\"async\" class=\"aligncenter size-full wp-image-1154\" alt=\"vatado-etiketti\" src=\"http:\/\/www.vatado.org\/wp-content\/uploads\/2017\/08\/vatado-etiketti.jpg\" width=\"617\" height=\"818\" srcset=\"https:\/\/www.vatado.org\/wp-content\/uploads\/2017\/08\/vatado-etiketti.jpg 617w, https:\/\/www.vatado.org\/wp-content\/uploads\/2017\/08\/vatado-etiketti-226x300.jpg 226w\" sizes=\"(max-width: 617px) 100vw, 617px\" \/><\/a><\/p>\n<\/div>","protected":false},"excerpt":{"rendered":"<div class=\"page-restrict-output\"><p>Vatadolla on nollatoleranssi kiusaamisen ja syrjnn\u00e4n suhteen. Meill\u00e4 jokainen voi harjoitella omien taitojen ja kykyjens\u00e4 mukaan ja teemanamme onkin, ett\u00e4 harjoittelun pit\u00e4\u00e4 olla hauskaa. Jotta harjoittelu voi olla hauskaa, olemme laatineet yhteiset pelis\u00e4\u00e4nn\u00f6t, eli niin sanotun etiketin, mit\u00e4 jokaisen tulisi harjoituksissa noudattaa. &nbsp;<\/p>\n<\/div>","protected":false},"author":11,"featured_media":0,"parent":0,"menu_order":0,"comment_status":"open","ping_status":"open","template":"","meta":{"saved_in_kubio":false,"ngg_post_thumbnail":0,"footnotes":""},"class_list":["post-1155","page","type-page","status-publish","hentry"],"kubio_ai_page_context":{"short_desc":"","purpose":"general"},"_links":{"self":[{"href":"https:\/\/www.vatado.org\/index.php?rest_route=\/wp\/v2\/pages\/1155","targetHints":{"allow":["GET"]}}],"collection":[{"href":"https:\/\/www.vatado.org\/index.php?rest_route=\/wp\/v2\/pages"}],"about":[{"href":"https:\/\/www.vatado.org\/index.php?rest_route=\/wp\/v2\/types\/page"}],"author":[{"embeddable":true,"href":"https:\/\/www.vatado.org\/index.php?rest_route=\/wp\/v2\/users\/11"}],"replies":[{"embeddable":true,"href":"https:\/\/www.vatado.org\/index.php?rest_route=%2Fwp%2Fv2%2Fcomments&post=1155"}],"version-history":[{"count":11,"href":"https:\/\/www.vatado.org\/index.php?rest_route=\/wp\/v2\/pages\/1155\/revisions"}],"predecessor-version":[{"id":1166,"href":"https:\/\/www.vatado.org\/index.php?rest_route=\/wp\/v2\/pages\/1155\/revisions\/1166"}],"wp:attachment":[{"href":"https:\/\/www.vatado.org\/index.php?rest_route=%2Fwp%2Fv2%2Fmedia&parent=1155"}],"curies":[{"name":"wp","href":"https:\/\/api.w.org\/{rel}","templated":true}]}}