{"id":1442,"date":"2019-04-30T14:49:13","date_gmt":"2019-04-30T14:49:13","guid":{"rendered":"http:\/\/www.vatado.org\/?page_id=1442"},"modified":"2019-05-03T09:41:12","modified_gmt":"2019-05-03T09:41:12","slug":"varustekauppa","status":"publish","type":"page","link":"https:\/\/www.vatado.org\/?page_id=1442","title":{"rendered":"Kauppa"},"content":{"rendered":"<div class=\"page-restrict-output\"><h6>Vatado ry:n virallinen varuste- \/ vaatekauppa on avattu yhteisty\u00f6ss\u00e4 Spread Shirt -verkkokaupan kanssa. Vaatetilaukset toimitetaan heilt\u00e4 suoraan kotiosoitteeseen valmiiksi painettuna. Mahdollisiin tilauksiin liittyviin kysymyksiin vastaa verkkokauppa, mallistoon ja v\u00e4rivaihtoehtoihin liittyviin kysymyksiin vastaa Vatadon hallitus.<\/h6>\n<h6>Huom! Mustat tuotteet ovat erikseen erilaisen logon vuoksi. Kaikkia tuotteita on siis saatavilla useassa eri v\u00e4riss\u00e4.<\/h6>\n<h6>Kauppaan p\u00e4\u00e4set t\u00e4st\u00e4 linkist\u00e4: <a title=\"Vatado Kauppa\" href=\"https:\/\/shop.spreadshirt.fi\/vatado\/\" target=\"_blank\">Vatado Kauppa<\/a><\/h6>\n<h6><\/h6>\n<p>&nbsp;<\/p>\n<\/div>","protected":false},"excerpt":{"rendered":"<div class=\"page-restrict-output\"><p>Vatado ry:n virallinen varuste- \/ vaatekauppa on avattu yhteisty\u00f6ss\u00e4 Spread Shirt -verkkokaupan kanssa. Vaatetilaukset toimitetaan heilt\u00e4 suoraan kotiosoitteeseen valmiiksi painettuna. Mahdollisiin tilauksiin liittyviin kysymyksiin vastaa verkkokauppa, mallistoon ja v\u00e4rivaihtoehtoihin liittyviin kysymyksiin vastaa Vatadon hallitus. Huom! Mustat tuotteet ovat erikseen erilaisen logon vuoksi. Kaikkia tuotteita on siis saatavilla useassa eri v\u00e4riss\u00e4. Kauppaan p\u00e4\u00e4set t\u00e4st\u00e4 linkist\u00e4: Vatado [&hellip;]<\/p>\n<\/div>","protected":false},"author":11,"featured_media":0,"parent":0,"menu_order":0,"comment_status":"closed","ping_status":"closed","template":"","meta":{"saved_in_kubio":false,"ngg_post_thumbnail":0,"footnotes":""},"class_list":["post-1442","page","type-page","status-publish","hentry"],"kubio_ai_page_context":{"short_desc":"","purpose":"general"},"_links":{"self":[{"href":"https:\/\/www.vatado.org\/index.php?rest_route=\/wp\/v2\/pages\/1442","targetHints":{"allow":["GET"]}}],"collection":[{"href":"https:\/\/www.vatado.org\/index.php?rest_route=\/wp\/v2\/pages"}],"about":[{"href":"https:\/\/www.vatado.org\/index.php?rest_route=\/wp\/v2\/types\/page"}],"author":[{"embeddable":true,"href":"https:\/\/www.vatado.org\/index.php?rest_route=\/wp\/v2\/users\/11"}],"replies":[{"embeddable":true,"href":"https:\/\/www.vatado.org\/index.php?rest_route=%2Fwp%2Fv2%2Fcomments&post=1442"}],"version-history":[{"count":17,"href":"https:\/\/www.vatado.org\/index.php?rest_route=\/wp\/v2\/pages\/1442\/revisions"}],"predecessor-version":[{"id":1474,"href":"https:\/\/www.vatado.org\/index.php?rest_route=\/wp\/v2\/pages\/1442\/revisions\/1474"}],"wp:attachment":[{"href":"https:\/\/www.vatado.org\/index.php?rest_route=%2Fwp%2Fv2%2Fmedia&parent=1442"}],"curies":[{"name":"wp","href":"https:\/\/api.w.org\/{rel}","templated":true}]}}