{"id":5,"date":"2012-12-30T18:38:57","date_gmt":"2012-12-30T18:38:57","guid":{"rendered":"http:\/\/www.vatado.org\/?page_id=5"},"modified":"2025-01-23T21:36:34","modified_gmt":"2025-01-23T21:36:34","slug":"seura","status":"publish","type":"page","link":"https:\/\/www.vatado.org\/?page_id=5","title":{"rendered":"Seura"},"content":{"rendered":"<div class=\"page-restrict-output\"><p><strong>Tietoja seurasta:<\/strong><\/p>\n<ul>\n<li>Perustettu vuonna 1993<\/li>\n<li>Perustaja Petri Nieminen<\/li>\n<li>J\u00e4seni\u00e4 n.40<\/li>\n<li>Toimialueena Vantaa sek\u00e4 Pohjois-Helsinki<\/li>\n<\/ul>\n<p>&nbsp;<\/p>\n<p><strong>Vatadon hallitus kaudella 2024-2025:<\/strong><\/p>\n<ul>\n<li>Puheenjohtaja: Harri Tiihonen<\/li>\n<li>Varapuheenjohtaja: Jussi Kopsala<\/li>\n<li>Sihteeri: Elsa Hannula<\/li>\n<li>Rahastonhoitaja: Mika Borgstr\u00f6m<\/li>\n<li>J\u00e4senet: John Beirne, Stefan Bosman, Tomi V\u00e4h\u00e4tiitto<\/li>\n<\/ul>\n<p>&nbsp;<\/p>\n<p><strong>J\u00e4senmaksut:<\/strong><\/p>\n<p>Kev\u00e4tkausi 1.1.20xx &#8211; 31.5.20xx 60\u20ac<\/p>\n<p>Kes\u00e4kausi 1.6.20xx &#8211; 30.7.20xx&nbsp; &nbsp; &nbsp;0\u20ac (ulkoharjoitukset)<\/p>\n<p>Syyskausi 1.8.20xx &#8211; 31.12.20xx 60\u20ac<\/p>\n<p>Peruskurssi 60\u20ac (kesto 3kk), jonka j\u00e4lkeen vapaaehtoinen keltaisen vy\u00f6n vy\u00f6koe (8.kup) 40\u20ac.<\/p>\n<p>&nbsp;<\/p>\n<p>J\u00e4senmaksu ei sis\u00e4ll\u00e4 Suomen Taekwondoliiton lisenssi\u00e4&nbsp;tai vakuutusta. Vatado ry kehoittaa harrastajia ottamaan sek\u00e4 lisenssin, ett\u00e4 kamppailulajit kattavan vakuutuksen.<\/p>\n<\/div>","protected":false},"excerpt":{"rendered":"<div class=\"page-restrict-output\"><p>Tietoja seurasta: Perustettu vuonna 1993 Perustaja Petri Nieminen J\u00e4seni\u00e4 n.40 Toimialueena Vantaa sek\u00e4 Pohjois-Helsinki &nbsp; Vatadon hallitus kaudella 2024-2025: Puheenjohtaja: Harri Tiihonen Varapuheenjohtaja: Jussi Kopsala Sihteeri: Elsa Hannula Rahastonhoitaja: Mika Borgstr\u00f6m J\u00e4senet: John Beirne, Stefan Bosman, Tomi V\u00e4h\u00e4tiitto &nbsp; J\u00e4senmaksut: Kev\u00e4tkausi 1.1.20xx &#8211; 31.5.20xx 60\u20ac Kes\u00e4kausi 1.6.20xx &#8211; 30.7.20xx&nbsp; &nbsp; &nbsp;0\u20ac (ulkoharjoitukset) Syyskausi 1.8.20xx &#8211; [&hellip;]<\/p>\n<\/div>","protected":false},"author":5,"featured_media":0,"parent":0,"menu_order":0,"comment_status":"open","ping_status":"open","template":"","meta":{"saved_in_kubio":true,"ngg_post_thumbnail":0,"footnotes":""},"class_list":["post-5","page","type-page","status-publish","hentry"],"kubio_ai_page_context":{"short_desc":"","purpose":"general"},"_links":{"self":[{"href":"https:\/\/www.vatado.org\/index.php?rest_route=\/wp\/v2\/pages\/5","targetHints":{"allow":["GET"]}}],"collection":[{"href":"https:\/\/www.vatado.org\/index.php?rest_route=\/wp\/v2\/pages"}],"about":[{"href":"https:\/\/www.vatado.org\/index.php?rest_route=\/wp\/v2\/types\/page"}],"author":[{"embeddable":true,"href":"https:\/\/www.vatado.org\/index.php?rest_route=\/wp\/v2\/users\/5"}],"replies":[{"embeddable":true,"href":"https:\/\/www.vatado.org\/index.php?rest_route=%2Fwp%2Fv2%2Fcomments&post=5"}],"version-history":[{"count":24,"href":"https:\/\/www.vatado.org\/index.php?rest_route=\/wp\/v2\/pages\/5\/revisions"}],"predecessor-version":[{"id":2384,"href":"https:\/\/www.vatado.org\/index.php?rest_route=\/wp\/v2\/pages\/5\/revisions\/2384"}],"wp:attachment":[{"href":"https:\/\/www.vatado.org\/index.php?rest_route=%2Fwp%2Fv2%2Fmedia&parent=5"}],"curies":[{"name":"wp","href":"https:\/\/api.w.org\/{rel}","templated":true}]}}