{"id":613,"date":"2015-11-25T17:58:46","date_gmt":"2015-11-25T17:58:46","guid":{"rendered":"http:\/\/www.vatado.org\/?page_id=613"},"modified":"2025-09-08T08:37:18","modified_gmt":"2025-09-08T08:37:18","slug":"hinnasto","status":"publish","type":"page","link":"https:\/\/www.vatado.org\/?page_id=613","title":{"rendered":"Hinnasto"},"content":{"rendered":"<div class=\"page-restrict-output\"><h4>Hinnasto voimassa tammikuusta 2024 eteenp\u00e4in. Lis\u00e4tietoa ohjaajilta ja rahastonhoitajalta.<\/h4>\n<p>&nbsp;<\/p>\n<p>&nbsp;<\/p>\n\n\n<figure class=\"wp-block-table is-style-regular\"><table><tbody><tr><td class=\"has-text-align-left\" data-align=\"left\"><strong>Peruskurssimaksut<\/strong><\/td><td><\/td><\/tr><tr><td class=\"has-text-align-left\" data-align=\"left\">Peruskurssimaksu (sis. harjoitukset noin 3.5kk)<\/td><td>60 \u20ac<\/td><\/tr><tr><td class=\"has-text-align-left\" data-align=\"left\">Peruskurssin Vy\u00f6koemaksu (Kurssin lopussa, sis. Taekwondo-passin, Vy\u00f6kokeen &amp; Keltaisen (8.kup) vy\u00f6n<\/td><td>40 \u20ac<\/td><\/tr><tr><td class=\"has-text-align-left\" data-align=\"left\">&#8212;&#8212;&#8212;&#8212;&#8212;&#8212;&#8212;&#8212;&#8212;&#8212;&#8212;&#8212;&#8212;&#8212;&#8212;&#8212;&#8211; <\/td><td><\/td><\/tr><tr><td class=\"has-text-align-left\" data-align=\"left\"><strong>Harrastajamaksut<\/strong><\/td><td><\/td><\/tr><tr><td class=\"has-text-align-left\" data-align=\"left\">Syksy (elo-joulukuu)<\/td><td>60 \u20ac<\/td><\/tr><tr><td class=\"has-text-align-left\" data-align=\"left\">Kev\u00e4t (tammi-toukokuu)<\/td><td>60 \u20ac<\/td><\/tr><tr><td class=\"has-text-align-left\" data-align=\"left\">Kes\u00e4harjoitukset (kes\u00e4-hein\u00e4kuu) ovat ilmaiset kev\u00e4\u00e4n harjoitusmaksun maksaneille<\/td><td><\/td><\/tr><tr><td class=\"has-text-align-left\" data-align=\"left\">&#8212;&#8212;&#8212;&#8212;&#8212;&#8212;&#8212;&#8212;&#8212;&#8212;&#8212;&#8212;&#8212;&#8212;&#8212;&#8212;&#8212; <\/td><td><\/td><\/tr><tr><td class=\"has-text-align-left\" data-align=\"left\"><strong>Kannattajaj\u00e4senmaksu<\/strong><\/td><td><\/td><\/tr><tr><td class=\"has-text-align-left\" data-align=\"left\">Tukij\u00e4senyys (per vuosi)<\/td><td>50 \u20ac<\/td><\/tr><tr><td class=\"has-text-align-left\" data-align=\"left\">&#8212;&#8212;&#8212;&#8212;&#8212;&#8212;&#8212;&#8212;&#8212;&#8212;&#8212;&#8212;&#8212;&#8212;&#8212;&#8212;&#8212; <\/td><td><\/td><\/tr><tr><td class=\"has-text-align-left\" data-align=\"left\"><strong>Vy\u00f6koemaksut<\/strong><\/td><td><\/td><\/tr><tr><td class=\"has-text-align-left\" data-align=\"left\">V\u00e4rivy\u00f6kokeet 6.kup, 4.kup &amp; 2.kup (sis. uuden vy\u00f6n)<\/td><td>40 \u20ac<\/td><\/tr><tr><td class=\"has-text-align-left\" data-align=\"left\">Natsakokeet 7.kup, 5.kup, 3.kup &amp; 1.kup (sis. uuden natsan)<\/td><td>30 \u20ac<\/td><\/tr><tr><td class=\"has-text-align-left\" data-align=\"left\">Mustat vy\u00f6t, DAN-koe (Yhteisty\u00f6ss\u00e4 muiden seurojen kanssa)<\/td><td>100-150 \u20ac<\/td><\/tr><tr><td class=\"has-text-align-left\" data-align=\"left\">&#8212;&#8212;&#8212;&#8212;&#8212;&#8212;&#8212;&#8212;&#8212;&#8212;&#8212;&#8212;&#8212;&#8212;&#8212;&#8212;&#8211; <\/td><td><\/td><\/tr><tr><td class=\"has-text-align-left\" data-align=\"left\"><strong>Varusteet<\/strong><\/td><td><\/td><\/tr><tr><td class=\"has-text-align-left\" data-align=\"left\">Vatado-tuotteet tilattavissa verkkokaupastamme <a rel=\"noreferrer noopener\" href=\"http:\/\/www.vatado.org\/?page_id=1442\" target=\"_blank\">Vatado Shop<\/a><\/td><td><\/td><\/tr><\/tbody><\/table><\/figure>\n\n\n\n<h6 class=\"wp-block-heading has-text-align-center\">\u00a0Kaikki Vatado ry:lle\u00a0saapuvat maksut tulee ohjata tilille: FI31 7997 7990 2466 34, HOLVFFIHH.<br><\/h6>\n\n\n\n<h6 class=\"wp-block-heading has-text-align-center\"><strong>Vatado kehoittaa harrastajiaan hankkimaan my\u00f6s Suomen Taekwondoliiton lisenssin, sek\u00e4 kamppailulajit kattavan vakuutuksen.<\/strong><\/h6>\n\n\n\n<h6 class=\"wp-block-heading has-text-align-center\"><strong>Lis\u00e4tietoja ohjaajilta sek\u00e4 rahastonhoitajalta.<\/strong><\/h6>\n<\/div>","protected":false},"excerpt":{"rendered":"<div class=\"page-restrict-output\"><p>Hinnasto voimassa tammikuusta 2024 eteenp\u00e4in. Lis\u00e4tietoa ohjaajilta ja rahastonhoitajalta. &nbsp; &nbsp; Peruskurssimaksut Peruskurssimaksu (sis. harjoitukset noin 3.5kk) 60 \u20ac Peruskurssin Vy\u00f6koemaksu (Kurssin lopussa, sis. Taekwondo-passin, Vy\u00f6kokeen &amp; Keltaisen (8.kup) vy\u00f6n 40 \u20ac &#8212;&#8212;&#8212;&#8212;&#8212;&#8212;&#8212;&#8212;&#8212;&#8212;&#8212;&#8212;&#8212;&#8212;&#8212;&#8212;&#8211; Harrastajamaksut Syksy (elo-joulukuu) 60 \u20ac Kev\u00e4t (tammi-toukokuu) 60 \u20ac Kes\u00e4harjoitukset (kes\u00e4-hein\u00e4kuu) ovat ilmaiset kev\u00e4\u00e4n harjoitusmaksun maksaneille &#8212;&#8212;&#8212;&#8212;&#8212;&#8212;&#8212;&#8212;&#8212;&#8212;&#8212;&#8212;&#8212;&#8212;&#8212;&#8212;&#8212; Kannattajaj\u00e4senmaksu Tukij\u00e4senyys (per vuosi) 50 [&hellip;]<\/p>\n<\/div>","protected":false},"author":5,"featured_media":0,"parent":0,"menu_order":0,"comment_status":"open","ping_status":"open","template":"","meta":{"saved_in_kubio":true,"ngg_post_thumbnail":0,"footnotes":""},"class_list":["post-613","page","type-page","status-publish","hentry"],"kubio_ai_page_context":{"short_desc":"","purpose":"general"},"_links":{"self":[{"href":"https:\/\/www.vatado.org\/index.php?rest_route=\/wp\/v2\/pages\/613","targetHints":{"allow":["GET"]}}],"collection":[{"href":"https:\/\/www.vatado.org\/index.php?rest_route=\/wp\/v2\/pages"}],"about":[{"href":"https:\/\/www.vatado.org\/index.php?rest_route=\/wp\/v2\/types\/page"}],"author":[{"embeddable":true,"href":"https:\/\/www.vatado.org\/index.php?rest_route=\/wp\/v2\/users\/5"}],"replies":[{"embeddable":true,"href":"https:\/\/www.vatado.org\/index.php?rest_route=%2Fwp%2Fv2%2Fcomments&post=613"}],"version-history":[{"count":30,"href":"https:\/\/www.vatado.org\/index.php?rest_route=\/wp\/v2\/pages\/613\/revisions"}],"predecessor-version":[{"id":2413,"href":"https:\/\/www.vatado.org\/index.php?rest_route=\/wp\/v2\/pages\/613\/revisions\/2413"}],"wp:attachment":[{"href":"https:\/\/www.vatado.org\/index.php?rest_route=%2Fwp%2Fv2%2Fmedia&parent=613"}],"curies":[{"name":"wp","href":"https:\/\/api.w.org\/{rel}","templated":true}]}}