{"id":748,"date":"2016-02-25T13:50:16","date_gmt":"2016-02-25T13:50:16","guid":{"rendered":"http:\/\/www.vatado.org\/?page_id=748"},"modified":"2021-07-01T13:47:01","modified_gmt":"2021-07-01T13:47:01","slug":"vanhemmille","status":"publish","type":"page","link":"https:\/\/www.vatado.org\/?page_id=748","title":{"rendered":"Vanhemmille &#8211; Kilpailutoiminta"},"content":{"rendered":"<div class=\"page-restrict-output\"><h6 style=\"text-align: center;\">Yleist\u00e4<\/h6>\n<p style=\"text-align: left;\">Hei, ja tervetuloa vanhemmille ja uusille kilpailuista kiinnostuneille harrastajille suunnatulle sivulle. T\u00e4m\u00e4n v\u00e4lilehden tarkoituksena on antaa tietoa kilpailumatkoista, itse kilpailuista, sek\u00e4 kaikkeen siihen liittyv\u00e4st\u00e4 toiminnasta, jotka olisi syyt\u00e4 olla tiedossa ennen ensimm\u00e4isiin kilpailuihin osallistumista.<\/p>\n<p style=\"text-align: left;\">Alkuun on varmaan syyt\u00e4 kertoa, ett\u00e4 kilpailuja j\u00e4rjestet\u00e4\u00e4n kahdenlaisia; ottelukilpailuja ja liikesarjakilpailuja. Ottelukilpailun s\u00e4\u00e4nn\u00f6t ovat p\u00e4hkin\u00e4nkuoressaan seuraavat. Kaksi ottelijaa astuvat 8m x 8m kokoiselle tatamille, yll\u00e4\u00e4n heill\u00e4 pakolliset suojavarusteet joita ovat kyp\u00e4r\u00e4, rintapanssari, k\u00e4sivarsisuojat, k\u00e4mmensuojat, alap\u00e4\u00e4suojus, s\u00e4\u00e4risuojat, sek\u00e4 jalkap\u00f6yt\u00e4suoja. Itse ottelu on pistepeli, enemm\u00e4n toisen rintapanssariin, tai aikuisten\/liigasarjoissa my\u00f6s p\u00e4\u00e4h\u00e4n, osumia saanut voittaa ottelun. Pisteit\u00e4 jaetaan seuraavasti: potku panssariin 2 pistett\u00e4, kiert\u00e4v\u00e4 potku panssariin 3 pistett\u00e4, potku p\u00e4\u00e4h\u00e4n 3 pistett\u00e4 ja kiert\u00e4v\u00e4 potku p\u00e4\u00e4h\u00e4n 4 pistett\u00e4. Ottelun ollessa selv\u00e4 toiselle, tuomari keskeytt\u00e4\u00e4 ottelun piste-eron ollessa 12 tai yli. Huom! Juniorisarjoissa ei ole p\u00e4\u00e4kontaktia! Sellaisen sattuessa tuomari katkaisee ottelun ja tuomitsee ottelun vastustajalle. My\u00f6s aikuisten harrastajasarjoissa saavat kilpailijat itse p\u00e4\u00e4tt\u00e4\u00e4 haluavatko he p\u00e4\u00e4kontaktin vai ei.<\/p>\n<p style=\"text-align: left;\">Liikesarjat eli Poomsaet ovat my\u00f6s kilpailumuoto. Liikesarjoissa pyrit\u00e4\u00e4n tekem\u00e4\u00e4n tietyt ennalta m\u00e4\u00e4ritellyt liikkeet mahdollisimman puhtaasti annettujen ohjeistuksien mukaisesti. Poomsaen tarkoituksena on k\u00e4yd\u00e4 taistelu n\u00e4kym\u00e4t\u00f6nt\u00e4 vihollista vastaan ja jokainen eri Poomsae onkin eri tyylinen. Poomaessa ei siis ole varsinaisesti toista vastustajaa, vaan siin\u00e4 kamppaillaan itse\u00e4 vastaan. Tosin, kuten ottelussakin, Poomasessa on tuomarit jotka pisteytt\u00e4v\u00e4t suorituksen ja kolme parasta suoritusta palkitaan mitalein. Ottelukilpailussa tosin palkitaan nelj\u00e4 parasta, sill\u00e4 pronssiottelua ei Taekwondossa otella, vaan se jaetaan semifinaalissa h\u00e4vinneiden kesken.<\/p>\n<p style=\"text-align: left;\">Kilpailuihin osallistuttaessa seuramme pyrkii antamaan kaiken mahdollisen tuen parhaamman kilpailusuorituksen takaamiseksi. Ottelukilpailijat aloittavat oman &#8220;itsen\u00e4isen&#8221; harjoittelusession noin 2 viikkoa ennen kilpailuja, ja kilpailuiden j\u00e4lkeen k\u00e4yd\u00e4\u00e4n palaveri jossa kerrataan kilpailup\u00e4iv\u00e4\u00e4 l\u00e4vitse, mist\u00e4 syyst\u00e4 mit\u00e4kin tapahtui ja mit\u00e4 voidaan parantaa, ja mihin keskitty\u00e4 ennen seuraavia kisoja. Palautekeskustelut ovat t\u00e4rkeit\u00e4 my\u00f6s silloin, vaikka kisat olisivat p\u00e4\u00e4ttyneet voittoon.<\/p>\n<p style=\"text-align: left;\">Liikesarjapuolella seuramme pyrkii v\u00e4hint\u00e4\u00e4n kerran viikossa kertaamaan eri liikesarjoja taitojen yll\u00e4 pit\u00e4miseksi. T\u00e4m\u00e4 ei kuitenkaan riit\u00e4, ja liikesarjakilpailijan onkin syyt\u00e4 harjoitella sarjoja itsen\u00e4isesti my\u00f6s kotona. Oppia voi ottaa vaikka Youtubesta, jonne liikesarjavideoita on kuvattu valtava m\u00e4\u00e4r\u00e4. Liikesarjakilpailijoilla on my\u00f6skin intensiivinen harjoittelujakso ennen kilpailuja. Pyrimme saamaan v\u00e4hint\u00e4\u00e4n 2-3 kokonaisvaltaista treeni\u00e4 alle ennen kilpailuihin l\u00e4htemist\u00e4.<\/p>\n<h6 style=\"text-align: left;\">Lisenssi<\/h6>\n<p style=\"text-align: left;\">Suomen Taekwondoliitto vaatii kaikilta sen kilpailuihin osallistuvilta kilpailijoilta lisenssin. Lisenssi on sama, onko menossa ottelemaan vai poomsae-kilpailuun, joten ainakin aloitusvaiheessa on helppo menn\u00e4 kokeilemaan molempia, ja sit\u00e4 kautta saada mielikuvan kumpi kilpailutapa olisi itselle mieluisampi. Usein ottelu- ja poomsaekilpailuja j\u00e4rjestet\u00e4\u00e4n my\u00f6s erillisin\u00e4 viikonloppuina, joten ne eiv\u00e4t aikataulusyist\u00e4 ole my\u00f6sk\u00e4\u00e4n toisiaan pois sulkevia. Lisenssiin on my\u00f6s mahdollisuus liitt\u00e4\u00e4 kilpailut kattava vakuutus. Vatado ry ei ole vakuuttanut kilpailijoita, jokainen kilpailija huolehtii itse, ett\u00e4 h\u00e4nell\u00e4 on voimassa oleva vakuutus joka kattaa tapaturmat my\u00f6s kilpailuissa.<\/p>\n<h6 style=\"text-align: left;\">Kilpailut<\/h6>\n<p style=\"text-align: left;\">Halukkuus kilpailemaan l\u00e4hd\u00f6st\u00e4 on syyt\u00e4 esitt\u00e4\u00e4 ohjaajalle v\u00e4hint\u00e4\u00e4n 2 viikkoa ennen kilpailuiden ajankohtaa. Kilpailut l\u00f6ytyv\u00e4t kohdasta: Seura -&gt; Tulevat tapahtumat. Kaikkiin Suomen Taekwondoliiton tapahtumiin, leirit mukaan lukien, ilmottaudutaan seurakohtaisesti s\u00e4hk\u00f6isell\u00e4 lomakkeella. Kilpailija siis ilmoittaa halukkuudesta seuralle ja seura ilmoittaa kilpailijat kilpailuihin. My\u00f6s laskutus toimii seuran kautta. On my\u00f6s huomioitava, ett\u00e4 s\u00e4hk\u00f6isess\u00e4 lomakkeessa t\u00e4ytyy t\u00e4ytt\u00e4\u00e4 jokaisen kilpailijalisenssin id-tunnus, joten Taekwondolisenssin t\u00e4ytyy olla voimassa jo kilpailuun ilmottauduttaessa.<\/p>\n<h6 style=\"text-align: left;\">Kilpailumatkat<\/h6>\n<p style=\"text-align: left;\">Kilpailup\u00e4iv\u00e4 on useimmissa tapauksissa lauantai. Satunnaisesti ottelu- ja poomsekilpailujen sattuessa samalle viikonlopulle j\u00e4rjestet\u00e4\u00e4n toinen tapahtuma sunnuntaina, p\u00e4\u00e4llek\u00e4isyyksien est\u00e4miseksi. Aamulla kilpailevat juniori ja harrastesarjat, iltap\u00e4iv\u00e4ll\u00e4 SM-liigasarjat. Poikkeuksiakin l\u00f6ytyy, tarkemmat aikataulut kannattaa kurkata ennen kilpailuja Suomen Taekwondoliiton internet-sivuilta kohdasta &#8220;Ajankohtaista&#8221;. Kilpailupaikkakunnasta riippuen l\u00e4ht\u00f6 Vantaalta tapahtuu klo: 6.00-8.00 v\u00e4lisen\u00e4 aikana, sill\u00e4 kilpailut usein alkavat klo: 10.00. Takaisin kotiin ehdimme usein vasta klo 18.00 j\u00e4lkeen, sill\u00e4 palkintojenjaot j\u00e4rjestet\u00e4\u00e4n usein vasta kun kaikki sarjat on kilpailtu.<\/p>\n<p style=\"text-align: left;\">Kilpailup\u00e4iv\u00e4t ovat pitki\u00e4, joten olisikin hyv\u00e4 huolehtia siit\u00e4, ett\u00e4 kilpailijoilla on v\u00e4h\u00e4n omaa ev\u00e4st\u00e4 mukana sek\u00e4 taskurahaa l\u00e4mmint\u00e4 lounasta varten.<\/p>\n<\/div>","protected":false},"excerpt":{"rendered":"<div class=\"page-restrict-output\"><p>Yleist\u00e4 Hei, ja tervetuloa vanhemmille ja uusille kilpailuista kiinnostuneille harrastajille suunnatulle sivulle. T\u00e4m\u00e4n v\u00e4lilehden tarkoituksena on antaa tietoa kilpailumatkoista, itse kilpailuista, sek\u00e4 kaikkeen siihen liittyv\u00e4st\u00e4 toiminnasta, jotka olisi syyt\u00e4 olla tiedossa ennen ensimm\u00e4isiin kilpailuihin osallistumista. Alkuun on varmaan syyt\u00e4 kertoa, ett\u00e4 kilpailuja j\u00e4rjestet\u00e4\u00e4n kahdenlaisia; ottelukilpailuja ja liikesarjakilpailuja. Ottelukilpailun s\u00e4\u00e4nn\u00f6t ovat p\u00e4hkin\u00e4nkuoressaan seuraavat. Kaksi ottelijaa astuvat [&hellip;]<\/p>\n<\/div>","protected":false},"author":11,"featured_media":0,"parent":0,"menu_order":0,"comment_status":"open","ping_status":"open","template":"","meta":{"saved_in_kubio":false,"ngg_post_thumbnail":0,"footnotes":""},"class_list":["post-748","page","type-page","status-publish","hentry"],"kubio_ai_page_context":{"short_desc":"","purpose":"general"},"_links":{"self":[{"href":"https:\/\/www.vatado.org\/index.php?rest_route=\/wp\/v2\/pages\/748","targetHints":{"allow":["GET"]}}],"collection":[{"href":"https:\/\/www.vatado.org\/index.php?rest_route=\/wp\/v2\/pages"}],"about":[{"href":"https:\/\/www.vatado.org\/index.php?rest_route=\/wp\/v2\/types\/page"}],"author":[{"embeddable":true,"href":"https:\/\/www.vatado.org\/index.php?rest_route=\/wp\/v2\/users\/11"}],"replies":[{"embeddable":true,"href":"https:\/\/www.vatado.org\/index.php?rest_route=%2Fwp%2Fv2%2Fcomments&post=748"}],"version-history":[{"count":10,"href":"https:\/\/www.vatado.org\/index.php?rest_route=\/wp\/v2\/pages\/748\/revisions"}],"predecessor-version":[{"id":1961,"href":"https:\/\/www.vatado.org\/index.php?rest_route=\/wp\/v2\/pages\/748\/revisions\/1961"}],"wp:attachment":[{"href":"https:\/\/www.vatado.org\/index.php?rest_route=%2Fwp%2Fv2%2Fmedia&parent=748"}],"curies":[{"name":"wp","href":"https:\/\/api.w.org\/{rel}","templated":true}]}}