{"id":751,"date":"2016-02-25T13:51:42","date_gmt":"2016-02-25T13:51:42","guid":{"rendered":"http:\/\/www.vatado.org\/?page_id=751"},"modified":"2023-11-08T14:58:55","modified_gmt":"2023-11-08T14:58:55","slug":"kilpailijat","status":"publish","type":"page","link":"https:\/\/www.vatado.org\/?page_id=751","title":{"rendered":"Kilpailijoille"},"content":{"rendered":"<div class=\"page-restrict-output\"><h6 style=\"text-align: center;\">Kilpailijoiden sivusto<\/h6>\n<p style=\"text-align: center;\">Alla olevista linkeist\u00e4 p\u00e4\u00e4set tapahtumakohtaisiin kilpailutietoihin:<\/p>\n<p style=\"text-align: center;\"><a title=\"Budo Nord, Loviisa 12.3.2016\" href=\" http:\/\/www.vatado.org\/?page_id=820\">&nbsp;<\/a><\/p>\n<h6 style=\"text-align: center;\">***<\/h6>\n<\/div>","protected":false},"excerpt":{"rendered":"<div class=\"page-restrict-output\"><p>Kilpailijoiden sivusto Alla olevista linkeist\u00e4 p\u00e4\u00e4set tapahtumakohtaisiin kilpailutietoihin: &nbsp; ***<\/p>\n<\/div>","protected":false},"author":11,"featured_media":0,"parent":0,"menu_order":0,"comment_status":"open","ping_status":"open","template":"","meta":{"saved_in_kubio":false,"ngg_post_thumbnail":0,"footnotes":""},"class_list":["post-751","page","type-page","status-publish","hentry"],"kubio_ai_page_context":{"short_desc":"","purpose":"general"},"_links":{"self":[{"href":"https:\/\/www.vatado.org\/index.php?rest_route=\/wp\/v2\/pages\/751","targetHints":{"allow":["GET"]}}],"collection":[{"href":"https:\/\/www.vatado.org\/index.php?rest_route=\/wp\/v2\/pages"}],"about":[{"href":"https:\/\/www.vatado.org\/index.php?rest_route=\/wp\/v2\/types\/page"}],"author":[{"embeddable":true,"href":"https:\/\/www.vatado.org\/index.php?rest_route=\/wp\/v2\/users\/11"}],"replies":[{"embeddable":true,"href":"https:\/\/www.vatado.org\/index.php?rest_route=%2Fwp%2Fv2%2Fcomments&post=751"}],"version-history":[{"count":18,"href":"https:\/\/www.vatado.org\/index.php?rest_route=\/wp\/v2\/pages\/751\/revisions"}],"predecessor-version":[{"id":2324,"href":"https:\/\/www.vatado.org\/index.php?rest_route=\/wp\/v2\/pages\/751\/revisions\/2324"}],"wp:attachment":[{"href":"https:\/\/www.vatado.org\/index.php?rest_route=%2Fwp%2Fv2%2Fmedia&parent=751"}],"curies":[{"name":"wp","href":"https:\/\/api.w.org\/{rel}","templated":true}]}}