{"id":83,"date":"2013-01-22T07:32:15","date_gmt":"2013-01-22T07:32:15","guid":{"rendered":"http:\/\/www.vatado.org\/?page_id=83"},"modified":"2023-06-09T15:39:39","modified_gmt":"2023-06-09T15:39:39","slug":"ottelu","status":"publish","type":"page","link":"https:\/\/www.vatado.org\/?page_id=83","title":{"rendered":"Ottelu"},"content":{"rendered":"<div class=\"page-restrict-output\"><p>Taekwondo-ottelu on olympialaji, jossa suomalaiset ovat perinteisesti menestyneet hyvin maamme kokoon n\u00e4hden. Vaikka TKD-ottelu on t\u00e4yskontaktilaji, s\u00e4\u00e4nn\u00f6t on rakennettu Taekwondon potkumaista luonnetta ja n\u00e4ytt\u00e4vyytt\u00e4 silm\u00e4ll\u00e4 pit\u00e4en. Kilpailijat pit\u00e4v\u00e4t l\u00e4hes koko kehon suojaavia suojavarusteita ja pistealueet ja -tekniikat on rajattu tarkasti.<\/p>\n<p>T\u00e4m\u00e4 erottaa TKD-ottelun useista muista kovan kontaktin taistelulajeista, mm. ly\u00f6nnit p\u00e4\u00e4h\u00e4n on kielletty kun taas monissa muissa vastaavissa lajeissa n\u00e4m\u00e4 muodostavat ottelutekniikoiden rungon.<\/p>\n<p>P\u00e4hkin\u00e4nkuoressa pisteet ottelussa jaetaan potkuista vy\u00f6n yl\u00e4puolelle, keskivartaloon ja p\u00e4\u00e4h\u00e4n, sek\u00e4 ly\u00f6nneist\u00e4 keskivartaloon. Tyylikkyytt\u00e4 korostetaan antamalla kiert\u00e4vist\u00e4 tekniikoista kaksinkertaiset pisteet sek\u00e4 my\u00f6s p\u00e4\u00e4kontaktista pisteet tuplana, eli pistetekniikasta on saatavissa 1-4 pistett\u00e4:<\/p>\n<p>Suomen Taekwondoliiton ottelus\u00e4\u00e4nn\u00f6t kokonaisuudessaan: <a title=\"Ottelus\u00e4\u00e4nn\u00f6t\" href=\"https:\/\/www.suomentaekwondoliitto.fi\/materiaalit\/kilpailu\/\" target=\"_blank\" rel=\"noopener\">Ottelus\u00e4\u00e4nn\u00f6t<\/a><\/p>\n<p>Painoluokat Suomen sarjoissa:<\/p>\n<div id=\"attachment_1517\" style=\"width: 1123px\" class=\"wp-caption alignnone\"><a href=\"http:\/\/www.vatado.org\/wp-content\/uploads\/2013\/01\/painoluokat-2018.jpg\"><img loading=\"lazy\" decoding=\"async\" aria-describedby=\"caption-attachment-1517\" class=\"wp-image-1517 size-full\" src=\"http:\/\/www.vatado.org\/wp-content\/uploads\/2013\/01\/painoluokat-2018.jpg\" alt=\"painoluokat-2018\" width=\"1113\" height=\"782\" srcset=\"https:\/\/www.vatado.org\/wp-content\/uploads\/2013\/01\/painoluokat-2018.jpg 1113w, https:\/\/www.vatado.org\/wp-content\/uploads\/2013\/01\/painoluokat-2018-300x210.jpg 300w, https:\/\/www.vatado.org\/wp-content\/uploads\/2013\/01\/painoluokat-2018-1024x719.jpg 1024w\" sizes=\"(max-width: 1113px) 100vw, 1113px\" \/><\/a><p id=\"caption-attachment-1517\" class=\"wp-caption-text\">Huomaa, ett\u00e4 taulukko on vuodelta 2018. Syntym\u00e4vuodet eiv\u00e4t pid\u00e4 juniorisarjojen osalta paikkaansa.<\/p><\/div>\n<p style=\"text-align: center;\">&nbsp;<\/p>\n<\/div>","protected":false},"excerpt":{"rendered":"<div class=\"page-restrict-output\"><p>Taekwondo-ottelu on olympialaji, jossa suomalaiset ovat perinteisesti menestyneet hyvin maamme kokoon n\u00e4hden. Vaikka TKD-ottelu on t\u00e4yskontaktilaji, s\u00e4\u00e4nn\u00f6t on rakennettu Taekwondon potkumaista luonnetta ja n\u00e4ytt\u00e4vyytt\u00e4 silm\u00e4ll\u00e4 pit\u00e4en. Kilpailijat pit\u00e4v\u00e4t l\u00e4hes koko kehon suojaavia suojavarusteita ja pistealueet ja -tekniikat on rajattu tarkasti. T\u00e4m\u00e4 erottaa TKD-ottelun useista muista kovan kontaktin taistelulajeista, mm. ly\u00f6nnit p\u00e4\u00e4h\u00e4n on kielletty kun taas [&hellip;]<\/p>\n<\/div>","protected":false},"author":5,"featured_media":0,"parent":0,"menu_order":0,"comment_status":"open","ping_status":"open","template":"","meta":{"saved_in_kubio":false,"ngg_post_thumbnail":0,"footnotes":""},"class_list":["post-83","page","type-page","status-publish","hentry"],"kubio_ai_page_context":{"short_desc":"","purpose":"general"},"_links":{"self":[{"href":"https:\/\/www.vatado.org\/index.php?rest_route=\/wp\/v2\/pages\/83","targetHints":{"allow":["GET"]}}],"collection":[{"href":"https:\/\/www.vatado.org\/index.php?rest_route=\/wp\/v2\/pages"}],"about":[{"href":"https:\/\/www.vatado.org\/index.php?rest_route=\/wp\/v2\/types\/page"}],"author":[{"embeddable":true,"href":"https:\/\/www.vatado.org\/index.php?rest_route=\/wp\/v2\/users\/5"}],"replies":[{"embeddable":true,"href":"https:\/\/www.vatado.org\/index.php?rest_route=%2Fwp%2Fv2%2Fcomments&post=83"}],"version-history":[{"count":17,"href":"https:\/\/www.vatado.org\/index.php?rest_route=\/wp\/v2\/pages\/83\/revisions"}],"predecessor-version":[{"id":2314,"href":"https:\/\/www.vatado.org\/index.php?rest_route=\/wp\/v2\/pages\/83\/revisions\/2314"}],"wp:attachment":[{"href":"https:\/\/www.vatado.org\/index.php?rest_route=%2Fwp%2Fv2%2Fmedia&parent=83"}],"curies":[{"name":"wp","href":"https:\/\/api.w.org\/{rel}","templated":true}]}}